{"id":835,"date":"2024-06-25T10:26:30","date_gmt":"2024-06-25T07:26:30","guid":{"rendered":"https:\/\/brosh-crm.com\/?page_id=835"},"modified":"2026-04-17T00:02:54","modified_gmt":"2026-04-16T21:02:54","slug":"accessibility-statement","status":"publish","type":"page","link":"https:\/\/brosh-crm.com\/es\/accessibility-statement\/","title":{"rendered":"Declaraci\u00f3n de Accesibilidad"},"content":{"rendered":"<h2 class=\"wp-block-heading has-text-align-center has-medium-font-size\">Declaraci\u00f3n de Accesibilidad actualizada el 25\/06\/2024<\/h2>\n<p>Zaapit Esh Ltd. es una empresa que brinda servicios de software para empresas. Trabajamos extensamente para hacer que nuestra organizaci\u00f3n y sitio web sean accesibles para personas con discapacidades con el fin de promover la igualdad de derechos y transparencia hacia las personas con discapacidades.<\/p>\n<h4 class=\"wp-block-heading\">Qu\u00e9 es un Sitio Web Accesible<\/h4>\n<p>Un sitio web accesible es un sitio web que permite a una persona con discapacidades navegar al mismo nivel de eficiencia y disfrute que otros navegantes, utilizando las capacidades del sistema en el que operan y a trav\u00e9s de tecnolog\u00edas de accesibilidad asistivas.<\/p>\n<h4 class=\"wp-block-heading\">Implementaci\u00f3n de Ajustes de Accesibilidad en el Sitio Web<\/h4>\n<p>Los ajustes de accesibilidad en el sitio se realizaron de acuerdo con la Secci\u00f3n C: Servicios de Internet en las Regulaciones de Igualdad de Derechos para Personas con Discapacidades (Ajustes de Accesibilidad para Servicio) 2013, seg\u00fan el Est\u00e1ndar Israel\u00ed 5568 basado en las pautas WCAG 2.0. El sitio se hizo accesible al nivel AA sujeto a cambios y ajustes realizados en el documento del est\u00e1ndar israel\u00ed.<\/p>\n<h4 class=\"wp-block-heading\">Contacto para Solicitudes, Problemas de Accesibilidad y Sugerencias de Mejora:<\/h4>\n<p>Si encontr\u00f3 un problema de accesibilidad en el sitio web o necesita ayuda, puede contactarnos a trav\u00e9s del coordinador de accesibilidad de la organizaci\u00f3n:<\/p>\n<p>Coordinador de Accesibilidad<\/p>\n<p><a href=\"tel:09-7650386\">09-7650386<\/a><\/p>\n<p><a href=\"mailto:sales+negisut@brosh.io\">sales+negisut@brosh.io<\/a><\/p>\n","protected":false},"excerpt":{"rendered":"<p>Declaraci\u00f3n de Accesibilidad actualizada el 25\/06\/2024 Zaapit Esh Ltd. es una empresa que brinda servicios de software para empresas. Trabajamos extensamente para hacer que nuestra organizaci\u00f3n y sitio web sean accesibles para personas con discapacidades con el fin de promover la igualdad de derechos y transparencia hacia las personas con discapacidades. Qu\u00e9 es un Sitio [&hellip;]<\/p>\n","protected":false},"author":3,"featured_media":0,"parent":0,"menu_order":0,"comment_status":"closed","ping_status":"closed","template":"","meta":{"footnotes":""},"class_list":["post-835","page","type-page","status-publish","hentry"],"yoast_head":"<!-- This site is optimized with the Yoast SEO plugin v27.4 - https:\/\/yoast.com\/product\/yoast-seo-wordpress\/ -->\n<title>Declaraci\u00f3n de Accesibilidad<\/title>\n<meta name=\"description\" content=\"\u05d4\u05e6\u05d4\u05e8\u05ea \u05e0\u05d2\u05d9\u05e9\u05d5\u05ea \u05e9\u05dc \u05d0\u05ea\u05e8 \u05de\u05e2\u05e8\u05db\u05ea \u05d1\u05e8\u05d5\u05e9 \u05dc\u05d0\u05e0\u05e9\u05d9\u05dd \u05e2\u05dd \u05de\u05d5\u05d2\u05d1\u05dc\u05d5\u05d9\u05d5\u05ea \u05d1\u05d9\u05e9\u05e8\u05d0\u05dc, \u05db\u05d0\u05df \u05e0\u05d9\u05ea\u05df \u05dc\u05de\u05e6\u05d5\u05d0 \u05d0\u05ea \u05d4\u05e4\u05e8\u05d8\u05d9 \u05d9\u05e6\u05d9\u05e8\u05ea \u05d4\u05e7\u05e9\u05e8 \u05e9\u05dc \u05d0\u05d7\u05e8\u05d0\u05d9 \u05d4\u05e0\u05d2\u05d9\u05e9\u05d5\u05ea.\" \/>\n<meta name=\"robots\" content=\"index, nofollow, max-snippet:-1, max-image-preview:large, max-video-preview:-1\" \/>\n<link rel=\"canonical\" href=\"http:\/\/brosh-crm.com\/en\/accessibility-statement\/\" \/>\n<meta property=\"og:locale\" content=\"es_ES\" \/>\n<meta property=\"og:locale:alternate\" content=\"en_US\" \/>\n<meta property=\"og:locale:alternate\" content=\"he_IL\" \/>\n<meta property=\"og:type\" content=\"article\" \/>\n<meta property=\"og:title\" content=\"Declaraci\u00f3n de Accesibilidad\" \/>\n<meta property=\"og:description\" content=\"\u05d4\u05e6\u05d4\u05e8\u05ea \u05e0\u05d2\u05d9\u05e9\u05d5\u05ea \u05e9\u05dc \u05d0\u05ea\u05e8 \u05de\u05e2\u05e8\u05db\u05ea \u05d1\u05e8\u05d5\u05e9 \u05dc\u05d0\u05e0\u05e9\u05d9\u05dd \u05e2\u05dd \u05de\u05d5\u05d2\u05d1\u05dc\u05d5\u05d9\u05d5\u05ea \u05d1\u05d9\u05e9\u05e8\u05d0\u05dc, \u05db\u05d0\u05df \u05e0\u05d9\u05ea\u05df \u05dc\u05de\u05e6\u05d5\u05d0 \u05d0\u05ea \u05d4\u05e4\u05e8\u05d8\u05d9 \u05d9\u05e6\u05d9\u05e8\u05ea \u05d4\u05e7\u05e9\u05e8 \u05e9\u05dc \u05d0\u05d7\u05e8\u05d0\u05d9 \u05d4\u05e0\u05d2\u05d9\u05e9\u05d5\u05ea.\" \/>\n<meta property=\"og:url\" content=\"https:\/\/brosh-crm.com\/es\/accessibility-statement\/\" \/>\n<meta property=\"article:modified_time\" content=\"2026-04-16T21:02:54+00:00\" \/>\n<meta name=\"twitter:card\" content=\"summary_large_image\" \/>\n<meta name=\"twitter:label1\" content=\"Tiempo de lectura\" \/>\n\t<meta name=\"twitter:data1\" content=\"2 minutos\" \/>\n<script type=\"application\/ld+json\" class=\"yoast-schema-graph\">{\"@context\":\"https:\\\/\\\/schema.org\",\"@graph\":[{\"@type\":\"WebPage\",\"@id\":\"http:\\\/\\\/brosh-crm.com\\\/en\\\/accessibility-statement\\\/\",\"url\":\"http:\\\/\\\/brosh-crm.com\\\/en\\\/accessibility-statement\\\/\",\"name\":\"Declaraci\u00f3n de Accesibilidad\",\"isPartOf\":{\"@id\":\"https:\\\/\\\/brosh-crm.com\\\/en\\\/#website\"},\"datePublished\":\"2024-06-25T07:26:30+00:00\",\"dateModified\":\"2026-04-16T21:02:54+00:00\",\"description\":\"\u05d4\u05e6\u05d4\u05e8\u05ea \u05e0\u05d2\u05d9\u05e9\u05d5\u05ea \u05e9\u05dc \u05d0\u05ea\u05e8 \u05de\u05e2\u05e8\u05db\u05ea \u05d1\u05e8\u05d5\u05e9 \u05dc\u05d0\u05e0\u05e9\u05d9\u05dd \u05e2\u05dd \u05de\u05d5\u05d2\u05d1\u05dc\u05d5\u05d9\u05d5\u05ea \u05d1\u05d9\u05e9\u05e8\u05d0\u05dc, \u05db\u05d0\u05df \u05e0\u05d9\u05ea\u05df \u05dc\u05de\u05e6\u05d5\u05d0 \u05d0\u05ea \u05d4\u05e4\u05e8\u05d8\u05d9 \u05d9\u05e6\u05d9\u05e8\u05ea \u05d4\u05e7\u05e9\u05e8 \u05e9\u05dc \u05d0\u05d7\u05e8\u05d0\u05d9 \u05d4\u05e0\u05d2\u05d9\u05e9\u05d5\u05ea.\",\"breadcrumb\":{\"@id\":\"http:\\\/\\\/brosh-crm.com\\\/en\\\/accessibility-statement\\\/#breadcrumb\"},\"inLanguage\":\"es-ES\",\"potentialAction\":[{\"@type\":\"ReadAction\",\"target\":[\"http:\\\/\\\/brosh-crm.com\\\/en\\\/accessibility-statement\\\/\"]}]},{\"@type\":\"BreadcrumbList\",\"@id\":\"http:\\\/\\\/brosh-crm.com\\\/en\\\/accessibility-statement\\\/#breadcrumb\",\"itemListElement\":[{\"@type\":\"ListItem\",\"position\":1,\"name\":\"\u05d1\u05d9\u05ea\",\"item\":\"https:\\\/\\\/brosh-crm.com\\\/en\\\/\"},{\"@type\":\"ListItem\",\"position\":2,\"name\":\"Accessibility Statement\"}]},{\"@type\":\"WebSite\",\"@id\":\"https:\\\/\\\/brosh-crm.com\\\/en\\\/#website\",\"url\":\"https:\\\/\\\/brosh-crm.com\\\/en\\\/\",\"name\":\"\u05de\u05e2\u05e8\u05db\u05ea \u05d1\u05e8\u05d5\u05e9\",\"description\":\"\",\"publisher\":{\"@id\":\"https:\\\/\\\/brosh-crm.com\\\/en\\\/#organization\"},\"potentialAction\":[{\"@type\":\"SearchAction\",\"target\":{\"@type\":\"EntryPoint\",\"urlTemplate\":\"https:\\\/\\\/brosh-crm.com\\\/en\\\/?s={search_term_string}\"},\"query-input\":{\"@type\":\"PropertyValueSpecification\",\"valueRequired\":true,\"valueName\":\"search_term_string\"}}],\"inLanguage\":\"es-ES\"},{\"@type\":\"Organization\",\"@id\":\"https:\\\/\\\/brosh-crm.com\\\/en\\\/#organization\",\"name\":\"\u05de\u05e2\u05e8\u05db\u05ea \u05d1\u05e8\u05d5\u05e9 \u05dc\u05e7\u05e9\u05e8\u05d9 \u05dc\u05e7\u05d5\u05d7\u05d5\u05ea \u05d5\u05e2\u05e1\u05e7\u05d9\u05dd\",\"url\":\"https:\\\/\\\/brosh-crm.com\\\/en\\\/\",\"logo\":{\"@type\":\"ImageObject\",\"inLanguage\":\"es-ES\",\"@id\":\"https:\\\/\\\/brosh-crm.com\\\/en\\\/#\\\/schema\\\/logo\\\/image\\\/\",\"url\":\"https:\\\/\\\/brosh-crm.com\\\/wp-content\\\/uploads\\\/sites\\\/3\\\/2023\\\/06\\\/brosh_log_new-design_052023_logo_website_180x42.png\",\"contentUrl\":\"https:\\\/\\\/brosh-crm.com\\\/wp-content\\\/uploads\\\/sites\\\/3\\\/2023\\\/06\\\/brosh_log_new-design_052023_logo_website_180x42.png\",\"width\":180,\"height\":42,\"caption\":\"\u05de\u05e2\u05e8\u05db\u05ea \u05d1\u05e8\u05d5\u05e9 \u05dc\u05e7\u05e9\u05e8\u05d9 \u05dc\u05e7\u05d5\u05d7\u05d5\u05ea \u05d5\u05e2\u05e1\u05e7\u05d9\u05dd\"},\"image\":{\"@id\":\"https:\\\/\\\/brosh-crm.com\\\/en\\\/#\\\/schema\\\/logo\\\/image\\\/\"},\"sameAs\":[\"https:\\\/\\\/il.linkedin.com\\\/company\\\/brosh-io\"]}]}<\/script>\n<!-- \/ Yoast SEO plugin. -->","yoast_head_json":{"title":"Declaraci\u00f3n de Accesibilidad","description":"\u05d4\u05e6\u05d4\u05e8\u05ea \u05e0\u05d2\u05d9\u05e9\u05d5\u05ea \u05e9\u05dc \u05d0\u05ea\u05e8 \u05de\u05e2\u05e8\u05db\u05ea \u05d1\u05e8\u05d5\u05e9 \u05dc\u05d0\u05e0\u05e9\u05d9\u05dd \u05e2\u05dd \u05de\u05d5\u05d2\u05d1\u05dc\u05d5\u05d9\u05d5\u05ea \u05d1\u05d9\u05e9\u05e8\u05d0\u05dc, \u05db\u05d0\u05df \u05e0\u05d9\u05ea\u05df \u05dc\u05de\u05e6\u05d5\u05d0 \u05d0\u05ea \u05d4\u05e4\u05e8\u05d8\u05d9 \u05d9\u05e6\u05d9\u05e8\u05ea \u05d4\u05e7\u05e9\u05e8 \u05e9\u05dc \u05d0\u05d7\u05e8\u05d0\u05d9 \u05d4\u05e0\u05d2\u05d9\u05e9\u05d5\u05ea.","robots":{"index":"index","follow":"nofollow","max-snippet":"max-snippet:-1","max-image-preview":"max-image-preview:large","max-video-preview":"max-video-preview:-1"},"canonical":"http:\/\/brosh-crm.com\/en\/accessibility-statement\/","og_locale":"es_ES","og_type":"article","og_title":"Declaraci\u00f3n de Accesibilidad","og_description":"\u05d4\u05e6\u05d4\u05e8\u05ea \u05e0\u05d2\u05d9\u05e9\u05d5\u05ea \u05e9\u05dc \u05d0\u05ea\u05e8 \u05de\u05e2\u05e8\u05db\u05ea \u05d1\u05e8\u05d5\u05e9 \u05dc\u05d0\u05e0\u05e9\u05d9\u05dd \u05e2\u05dd \u05de\u05d5\u05d2\u05d1\u05dc\u05d5\u05d9\u05d5\u05ea \u05d1\u05d9\u05e9\u05e8\u05d0\u05dc, \u05db\u05d0\u05df \u05e0\u05d9\u05ea\u05df \u05dc\u05de\u05e6\u05d5\u05d0 \u05d0\u05ea \u05d4\u05e4\u05e8\u05d8\u05d9 \u05d9\u05e6\u05d9\u05e8\u05ea \u05d4\u05e7\u05e9\u05e8 \u05e9\u05dc \u05d0\u05d7\u05e8\u05d0\u05d9 \u05d4\u05e0\u05d2\u05d9\u05e9\u05d5\u05ea.","og_url":"https:\/\/brosh-crm.com\/es\/accessibility-statement\/","article_modified_time":"2026-04-16T21:02:54+00:00","twitter_card":"summary_large_image","twitter_misc":{"Tiempo de lectura":"2 minutos"},"schema":{"@context":"https:\/\/schema.org","@graph":[{"@type":"WebPage","@id":"http:\/\/brosh-crm.com\/en\/accessibility-statement\/","url":"http:\/\/brosh-crm.com\/en\/accessibility-statement\/","name":"Declaraci\u00f3n de Accesibilidad","isPartOf":{"@id":"https:\/\/brosh-crm.com\/en\/#website"},"datePublished":"2024-06-25T07:26:30+00:00","dateModified":"2026-04-16T21:02:54+00:00","description":"\u05d4\u05e6\u05d4\u05e8\u05ea \u05e0\u05d2\u05d9\u05e9\u05d5\u05ea \u05e9\u05dc \u05d0\u05ea\u05e8 \u05de\u05e2\u05e8\u05db\u05ea \u05d1\u05e8\u05d5\u05e9 \u05dc\u05d0\u05e0\u05e9\u05d9\u05dd \u05e2\u05dd \u05de\u05d5\u05d2\u05d1\u05dc\u05d5\u05d9\u05d5\u05ea \u05d1\u05d9\u05e9\u05e8\u05d0\u05dc, \u05db\u05d0\u05df \u05e0\u05d9\u05ea\u05df \u05dc\u05de\u05e6\u05d5\u05d0 \u05d0\u05ea \u05d4\u05e4\u05e8\u05d8\u05d9 \u05d9\u05e6\u05d9\u05e8\u05ea \u05d4\u05e7\u05e9\u05e8 \u05e9\u05dc \u05d0\u05d7\u05e8\u05d0\u05d9 \u05d4\u05e0\u05d2\u05d9\u05e9\u05d5\u05ea.","breadcrumb":{"@id":"http:\/\/brosh-crm.com\/en\/accessibility-statement\/#breadcrumb"},"inLanguage":"es-ES","potentialAction":[{"@type":"ReadAction","target":["http:\/\/brosh-crm.com\/en\/accessibility-statement\/"]}]},{"@type":"BreadcrumbList","@id":"http:\/\/brosh-crm.com\/en\/accessibility-statement\/#breadcrumb","itemListElement":[{"@type":"ListItem","position":1,"name":"\u05d1\u05d9\u05ea","item":"https:\/\/brosh-crm.com\/en\/"},{"@type":"ListItem","position":2,"name":"Accessibility Statement"}]},{"@type":"WebSite","@id":"https:\/\/brosh-crm.com\/en\/#website","url":"https:\/\/brosh-crm.com\/en\/","name":"\u05de\u05e2\u05e8\u05db\u05ea \u05d1\u05e8\u05d5\u05e9","description":"","publisher":{"@id":"https:\/\/brosh-crm.com\/en\/#organization"},"potentialAction":[{"@type":"SearchAction","target":{"@type":"EntryPoint","urlTemplate":"https:\/\/brosh-crm.com\/en\/?s={search_term_string}"},"query-input":{"@type":"PropertyValueSpecification","valueRequired":true,"valueName":"search_term_string"}}],"inLanguage":"es-ES"},{"@type":"Organization","@id":"https:\/\/brosh-crm.com\/en\/#organization","name":"\u05de\u05e2\u05e8\u05db\u05ea \u05d1\u05e8\u05d5\u05e9 \u05dc\u05e7\u05e9\u05e8\u05d9 \u05dc\u05e7\u05d5\u05d7\u05d5\u05ea \u05d5\u05e2\u05e1\u05e7\u05d9\u05dd","url":"https:\/\/brosh-crm.com\/en\/","logo":{"@type":"ImageObject","inLanguage":"es-ES","@id":"https:\/\/brosh-crm.com\/en\/#\/schema\/logo\/image\/","url":"https:\/\/brosh-crm.com\/wp-content\/uploads\/sites\/3\/2023\/06\/brosh_log_new-design_052023_logo_website_180x42.png","contentUrl":"https:\/\/brosh-crm.com\/wp-content\/uploads\/sites\/3\/2023\/06\/brosh_log_new-design_052023_logo_website_180x42.png","width":180,"height":42,"caption":"\u05de\u05e2\u05e8\u05db\u05ea \u05d1\u05e8\u05d5\u05e9 \u05dc\u05e7\u05e9\u05e8\u05d9 \u05dc\u05e7\u05d5\u05d7\u05d5\u05ea \u05d5\u05e2\u05e1\u05e7\u05d9\u05dd"},"image":{"@id":"https:\/\/brosh-crm.com\/en\/#\/schema\/logo\/image\/"},"sameAs":["https:\/\/il.linkedin.com\/company\/brosh-io"]}]}},"_links":{"self":[{"href":"https:\/\/brosh-crm.com\/es\/wp-json\/wp\/v2\/pages\/835","targetHints":{"allow":["GET"]}}],"collection":[{"href":"https:\/\/brosh-crm.com\/es\/wp-json\/wp\/v2\/pages"}],"about":[{"href":"https:\/\/brosh-crm.com\/es\/wp-json\/wp\/v2\/types\/page"}],"author":[{"embeddable":true,"href":"https:\/\/brosh-crm.com\/es\/wp-json\/wp\/v2\/users\/3"}],"replies":[{"embeddable":true,"href":"https:\/\/brosh-crm.com\/es\/wp-json\/wp\/v2\/comments?post=835"}],"version-history":[{"count":8,"href":"https:\/\/brosh-crm.com\/es\/wp-json\/wp\/v2\/pages\/835\/revisions"}],"predecessor-version":[{"id":1054,"href":"https:\/\/brosh-crm.com\/es\/wp-json\/wp\/v2\/pages\/835\/revisions\/1054"}],"wp:attachment":[{"href":"https:\/\/brosh-crm.com\/es\/wp-json\/wp\/v2\/media?parent=835"}],"curies":[{"name":"wp","href":"https:\/\/api.w.org\/{rel}","templated":true}]}}